{"id":778,"date":"2025-03-04T08:30:05","date_gmt":"2025-03-04T08:30:05","guid":{"rendered":"https:\/\/twinghy.eu\/?page_id=778"},"modified":"2025-03-04T09:20:22","modified_gmt":"2025-03-04T09:20:22","slug":"politica-de-privacidad","status":"publish","type":"page","link":"https:\/\/twinghy.eu\/es\/politica-de-privacidad\/","title":{"rendered":"Pol\u00edtica de privacidad"},"content":{"rendered":"\t\t<div data-elementor-type=\"wp-page\" data-elementor-id=\"778\" class=\"elementor elementor-778 elementor-777\">\n\t\t\t\t\t\t<section class=\"elementor-section elementor-top-section elementor-element elementor-element-167018d elementor-section-boxed elementor-section-height-default elementor-section-height-default\" data-id=\"167018d\" data-element_type=\"section\" data-e-type=\"section\">\n\t\t\t\t\t\t<div class=\"elementor-container elementor-column-gap-default\">\n\t\t\t\t\t<div class=\"elementor-column elementor-col-100 elementor-top-column elementor-element elementor-element-f400112\" data-id=\"f400112\" data-element_type=\"column\" data-e-type=\"column\">\n\t\t\t<div class=\"elementor-widget-wrap elementor-element-populated\">\n\t\t\t\t\t\t<div class=\"elementor-element elementor-element-205a0b8 elementor-widget elementor-widget-heading\" data-id=\"205a0b8\" data-element_type=\"widget\" data-e-type=\"widget\" data-widget_type=\"heading.default\">\n\t\t\t\t<div class=\"elementor-widget-container\">\n\t\t\t\t\t<h1 class=\"elementor-heading-title elementor-size-default\">Pol\u00edtica de privacidad<\/h1>\t\t\t\t<\/div>\n\t\t\t\t<\/div>\n\t\t\t\t<div class=\"elementor-element elementor-element-65168b6 elementor-widget-divider--view-line elementor-widget elementor-widget-divider\" data-id=\"65168b6\" data-element_type=\"widget\" data-e-type=\"widget\" data-widget_type=\"divider.default\">\n\t\t\t\t<div class=\"elementor-widget-container\">\n\t\t\t\t\t\t\t<div class=\"elementor-divider\">\n\t\t\t<span class=\"elementor-divider-separator\">\n\t\t\t\t\t\t<\/span>\n\t\t<\/div>\n\t\t\t\t\t\t<\/div>\n\t\t\t\t<\/div>\n\t\t\t\t\t<\/div>\n\t\t<\/div>\n\t\t\t\t\t<\/div>\n\t\t<\/section>\n\t\t\t\t<section class=\"elementor-section elementor-top-section elementor-element elementor-element-abbdadd elementor-section-boxed elementor-section-height-default elementor-section-height-default\" data-id=\"abbdadd\" data-element_type=\"section\" data-e-type=\"section\">\n\t\t\t\t\t\t<div class=\"elementor-container elementor-column-gap-default\">\n\t\t\t\t\t<div class=\"elementor-column elementor-col-100 elementor-top-column elementor-element elementor-element-f97093b\" data-id=\"f97093b\" data-element_type=\"column\" data-e-type=\"column\">\n\t\t\t<div class=\"elementor-widget-wrap elementor-element-populated\">\n\t\t\t\t\t\t<div class=\"elementor-element elementor-element-0a74b3e elementor-widget elementor-widget-text-editor\" data-id=\"0a74b3e\" data-element_type=\"widget\" data-e-type=\"widget\" data-widget_type=\"text-editor.default\">\n\t\t\t\t<div class=\"elementor-widget-container\">\n\t\t\t\t\t\t\t\t\t<h2><b>1. RESPONSABLE<\/b><\/h2><h3><b>\u00bfQui\u00e9n es el Responsable del tratamiento de sus datos?<\/b><\/h3><ol type=\"I\"><li><b>Identidad:<\/b> Barna Steel S.A., que forma parte del grupo corporativo que opera bajo la marca registrada CELSA (en adelante, la \u201cEMPRESA CELSA\u201d).<\/li><li><b>NIF:<\/b> A08685471<\/li><li><b>Direcci\u00f3n:<\/b> Carrer de la Ferralla, 12; Pol\u00edgono Industrial San Vicente, 080755 Castellbisbal, Barcelona (Espa\u00f1a).<\/li><li><b>Datos de contacto del Delegado de Protecci\u00f3n de Datos (DPD):<\/b> puedes contactarnos para resolver cualquier duda a trav\u00e9s del correo electr\u00f3nico:<br \/><a href=\"mailto:GDPR@gcelsa.com\">GDPR@gcelsa.com<\/a><\/li><\/ol><h2>\u00a0<\/h2><h2><b>2. FINALIDADES<\/b><\/h2><h3><b>\u00bfCon qu\u00e9 finalidad tratamos sus datos personales?<\/b><\/h3><p><span style=\"font-weight: 400;\">Al acceder y utilizar esta web, participar en cualquier actividad organizada por nosotros, o emplear cualquier otro medio que implique el tratamiento de datos personales, usted acepta esta Pol\u00edtica de Privacidad, as\u00ed como las disposiciones incluidas en el Aviso Legal y la Pol\u00edtica de Cookies.<\/span><\/p><p><span style=\"font-weight: 400;\">En CELSA, le proporcionamos la informaci\u00f3n necesaria para que, antes de facilitar sus datos personales, pueda consultar esta Pol\u00edtica de Privacidad y cualquier otra informaci\u00f3n relevante en materia de Protecci\u00f3n de Datos.<\/span><\/p><p><span style=\"font-weight: 400;\">Le informamos que en la Empresa de Celsa tratamos los datos que nos facilita para realizar una correcta gesti\u00f3n de los servicios o informaci\u00f3n que nos solicite. En concreto, trataremos sus datos personales para las siguientes finalidades.<\/span><\/p><ol><li style=\"font-weight: 400;\" aria-level=\"1\"><b>Gesti\u00f3n de solicitudes de informaci\u00f3n.<\/b><span style=\"font-weight: 400;\"> Gestionar los datos personales de los usuarios que contactan con CELSA a trav\u00e9s del formulario de contacto.<\/span><\/li><li style=\"font-weight: 400;\" aria-level=\"1\"><b>Gesti\u00f3n de los portales de proveedor y de cliente. <\/b><span style=\"font-weight: 400;\">Para el seguimiento de pedidos de productos y servicios y su correspondiente facturaci\u00f3n; as\u00ed como cualquier otra prestaci\u00f3n relacionada con los mismos, tales como recordatorios, avisos t\u00e9cnicos, alertas de seguridad, mensajes de soporte, entre otros.<\/span><\/li><li style=\"font-weight: 400;\" aria-level=\"1\"><b>Enviar boletines y promociones. <\/b><span style=\"font-weight: 400;\">Los datos ser\u00e1n tratados para el env\u00edo, incluso por medios electr\u00f3nicos, de comunicaciones comerciales sobre productos y servicios ofrecidos por el Responsable del Tratamiento, incluyendo boletines, promociones y publicidad de las empresas integradas en el grupo Celsa, cuya relaci\u00f3n actualizada figura en las p\u00e1ginas oficiales de dichas empresas o en\u00a0<\/span><a href=\"https:\/\/celsagroup.com\/donde-estamos\/#donde-estamos-anchor\"><span style=\"font-weight: 400;\">D\u00f3nde est\u00e1 Celsa \u2013 Presencia internacional<\/span><\/a><span style=\"font-weight: 400;\">, por lo cual se ceder\u00e1n sus datos a las mismas.<\/span><\/li><li style=\"font-weight: 400;\" aria-level=\"1\"><b>Gesti\u00f3n de curr\u00edculums.<\/b><span style=\"font-weight: 400;\"> Los datos personales de los usuarios que quieran participar en nuestros procesos de selecci\u00f3n de personal son recabados mediante la secci\u00f3n \u201c\u00danete a nuestro equipo\u201d.<\/span><\/li><\/ol><h2>\u00a0<\/h2><h2><strong>3. LEGITIMACI\u00d3N<\/strong><\/h2><h3><b>\u00bfCu\u00e1l es la legitimaci\u00f3n para el tratamiento de sus datos?<\/b><\/h3><p><span style=\"font-weight: 400;\">La base jur\u00eddica que ampara el tratamiento de sus datos personales var\u00eda en funci\u00f3n de las finalidades para las cuales se tratan sus datos, en concreto:<\/span><\/p><ol><li style=\"font-weight: 400;\" aria-level=\"1\"><span style=\"font-weight: 400;\">La base legal que legitima el tratamiento de sus datos en relaci\u00f3n con la <\/span><b>gesti\u00f3n de las solicitudes de informaci\u00f3n<\/b><span style=\"font-weight: 400;\"> es el consentimiento que usted nos ha prestado al realizar la solicitud (art. 6.1.a RGPD).<\/span><\/li><li style=\"font-weight: 400;\" aria-level=\"1\"><b>Gesti\u00f3n del portal del cliente. <\/b><span style=\"font-weight: 400;\">La base legal que legitima el tratamiento de sus datos en relaci\u00f3n con la gesti\u00f3n de pedidos, as\u00ed como otras acciones relativas a la gesti\u00f3n del portal de clientes, es la ejecuci\u00f3n de la relaci\u00f3n contractual que mantenemos con usted (art. 6.1.b RGPD).<\/span><\/li><li style=\"font-weight: 400;\" aria-level=\"1\"><span style=\"font-weight: 400;\">La base legal que legitima el tratamiento de sus datos para el <\/span><b>env\u00edo de comunicaciones comerciales<\/b><span style=\"font-weight: 400;\"> es el consentimiento que usted nos ha prestado (art. 6.1.a RGPD).<\/span><\/li><li style=\"font-weight: 400;\" aria-level=\"1\"><b>Gesti\u00f3n de curr\u00edculums. <\/b><span style=\"font-weight: 400;\">La base legal que legitima el tratamiento de sus datos del curr\u00edculum para poder gestionar el correspondiente proceso de selecci\u00f3n es la necesidad de aplicar medidas precontractuales a petici\u00f3n del interesado o concluir un contrato (6.1.b RGPD). Puede obtener m\u00e1s informaci\u00f3n en relaci\u00f3n con este y otros tratamientos realizados durante el proceso de selecci\u00f3n, en la Pol\u00edtica de Privacidad para Candidatos de CELSA.<\/span><\/li><\/ol><h2>\u00a0<\/h2><h2><b>4. PLAZO DE CONSERVACI\u00d3N DE LOS DATOS<\/b><\/h2><h3><b>\u00bfPor cu\u00e1nto tiempo conservaremos sus datos?<\/b><\/h3><p><span style=\"font-weight: 400;\">Sus datos personales ser\u00e1s conservados por el per\u00edodo de tiempo necesario para cumplir con las finalidades antes indicadas. En particular:<\/span><\/p><ul><li style=\"font-weight: 400;\" aria-level=\"1\"><b>Finalidad 1<\/b><span style=\"font-weight: 400;\">: sus datos ser\u00e1n conservados hasta que se resuelva la solicitud de informaci\u00f3n.<\/span><\/li><li style=\"font-weight: 400;\" aria-level=\"1\"><b>Finalidad 2:<\/b><span style=\"font-weight: 400;\"> sus datos ser\u00e1n conservados mientras perdure la relaci\u00f3n comercial o contractual, as\u00ed como mientras sean necesarios para dar cumplimiento a las obligaciones legales aplicables o para la defensa de reclamaciones legales o responsabilidades que puedan derivarse.<\/span><\/li><li style=\"font-weight: 400;\" aria-level=\"1\"><b>Finalidad 3:<\/b><span style=\"font-weight: 400;\"> sus datos ser\u00e1n conservados hasta que se oponga al env\u00edo de comunicaciones comerciales.<\/span><\/li><li style=\"font-weight: 400;\" aria-level=\"1\"><b>Finalidad 4:<\/b><span style=\"font-weight: 400;\"> sus datos ser\u00e1n conservados mientras perdure el proceso de selecci\u00f3n, salvo en el caso que consienta su conservaci\u00f3n para futuras posiciones en la empresa, lo cual en ning\u00fan caso superar\u00e1 un a\u00f1o desde su recepci\u00f3n.<\/span><\/li><\/ul><p><span style=\"font-weight: 400;\">Asimismo, sus datos personales ser\u00e1n conservados mediante las medidas t\u00e9cnicas y organizativas necesarias para garantizar la seguridad e integridad de los datos.<\/span><\/p><h2>\u00a0<\/h2><h2><b>5. DESTINATARIOS<\/b><\/h2><h3><b>\u00bfA qu\u00e9 destinatarios se comunicar\u00e1n sus datos?<\/b><\/h3><p><span style=\"font-weight: 400;\">En el caso de que haya prestado su consentimiento para la finalidad (3) indicada en el apartado segundo o, en su caso, para fines administrativos, sus datos se comunicar\u00e1n al resto de empresas que se encuentran integradas en el grupo de empresas que operan bajo la denominaci\u00f3n Celsa, cuya relaci\u00f3n actualizada figura en las p\u00e1ginas oficiales de dichas empresas o en\u00a0<\/span><a href=\"https:\/\/celsagroup.com\/donde-estamos\/#donde-estamos-anchor\"><span style=\"font-weight: 400;\">D\u00f3nde est\u00e1 Celsa \u2013 Presencia internacional<\/span><\/a><span style=\"font-weight: 400;\">.<\/span><\/p><p><span style=\"font-weight: 400;\">Asimismo, sus datos tambi\u00e9n podr\u00e1n ser cedidos a terceros en aquellos casos que exista un encargado del tratamiento o haya una obligaci\u00f3n legal aplicable a la Empresa de Celsa.<\/span><\/p><p><span style=\"font-weight: 400;\">Adicionalmente, sus datos personales podr\u00e1n ser cedidos a organismos y autoridades p\u00fablicas, siempre y cuando sean requeridos de conformidad con las disposiciones legales y reglamentarias.<\/span><\/p><p><span style=\"font-weight: 400;\">Le informamos que, en caso de comunicar sus datos personales a destinatarios ubicados en territorios fuera del Espacio Econ\u00f3mico Europeo, que no dispongan de una decisi\u00f3n de adecuaci\u00f3n, adoptaremos las correspondientes garant\u00edas adecuadas para poder garantizar un nivel de protecci\u00f3n equivalente al previsto en el RGPD, en particular, mediante la suscripci\u00f3n de las cl\u00e1usulas contractuales tipo aprobadas por la Comisi\u00f3n Europea.<\/span><\/p><h2>\u00a0<\/h2><h2><b>6. DERECHOS<\/b><\/h2><h3><b>\u00bfCu\u00e1les son sus derechos cuando nos facilita sus datos y c\u00f3mo puede ejercerlos?<\/b><\/h3><p><span style=\"font-weight: 400;\">Como titular de los derechos de su informaci\u00f3n personal, tiene el control sobre dichos datos. De esta manera, tambi\u00e9n nos aseguramos de que la informaci\u00f3n sea precisa y veraz.<\/span><\/p><p><span style=\"font-weight: 400;\">Los derechos que puede ejercitar son:<\/span><\/p><ul><li style=\"font-weight: 400;\" aria-level=\"1\"><span style=\"font-weight: 400;\">Derecho de Acceso: <\/span><span style=\"font-weight: 400;\">tiene derecho a acceder a sus datos personales, as\u00ed como a solicitar la rectificaci\u00f3n de los datos inexactos o, en su caso, a solicitar la supresi\u00f3n de estos cuando, entre otros motivos, los datos ya no sean necesarios para los fines para los que fueron recogidos.<\/span> <span style=\"font-weight: 400;\">Tiene derecho a obtener informaci\u00f3n sobre si en la Empresa de Celsa estamos tratando datos personales que le conciernan.<\/span><\/li><li style=\"font-weight: 400;\" aria-level=\"1\"><span style=\"font-weight: 400;\">Derecho de Limitaci\u00f3n al tratamiento<\/span><span style=\"font-weight: 400;\">: En determinadas circunstancias, podr\u00e1 solicitar la limitaci\u00f3n del tratamiento de sus datos, en cuyo caso \u00fanicamente los conservaremos para el ejercicio o la defensa de reclamaciones.<\/span><\/li><li style=\"font-weight: 400;\" aria-level=\"1\"><span style=\"font-weight: 400;\">Derecho de oposici\u00f3n:<\/span><span style=\"font-weight: 400;\"> En base a motivos relacionados con su situaci\u00f3n particular, podr\u00e1 tambi\u00e9n oponerse al tratamiento de sus datos. En este caso, la Empresa de Celsa dejar\u00e1 de tratar sus datos, salvo por motivos leg\u00edtimos imperiosos, o para el ejercicio de acciones legales o la defensa respecto a posibles reclamaciones.<\/span><\/li><li style=\"font-weight: 400;\" aria-level=\"1\"><span style=\"font-weight: 400;\">Derecho a la portabilidad: <\/span><span style=\"font-weight: 400;\">Podr\u00e1 solicitar la portabilidad de los datos que nos ha facilitado a otro responsable de tratamiento, en determinadas circunstancias.<\/span><\/li><li style=\"font-weight: 400;\" aria-level=\"1\"><span style=\"font-weight: 400;\">Derecho de Rectificaci\u00f3n y Supresi\u00f3n:<\/span><span style=\"font-weight: 400;\">\u00a0 Podr\u00e1 acceder a su informaci\u00f3n personal y solicitar la rectificaci\u00f3n, as\u00ed como la supresi\u00f3n de sus datos cuando sean inexactos o considere que ya no son necesarios para los fines que fueron recogidos.<\/span><\/li><\/ul><p><span style=\"font-weight: 400;\">Si desea ejercer cualquiera de sus derechos, puede dirigirse a nosotros a trav\u00e9s de los enlaces habilitados, que encontrar\u00e1 en los correos electr\u00f3nicos y comunicaciones de Celsa, a trav\u00e9s del correo electr\u00f3nico\u00a0<\/span><a href=\"mailto:GDPR@gcelsa.com\"><span style=\"font-weight: 400;\">GDPR@gcelsa.com<\/span><\/a><span style=\"font-weight: 400;\">\u00a0, o a trav\u00e9s de correo postal, a la atenci\u00f3n del Comit\u00e9 de Ciberseguridad y Privacidad, en la siguiente direcci\u00f3n: CALLE FERRALLA, N\u00ba 12, POL\u00cdGONO INDUSTRIAL SAN VICENTE, CASTELLBISBAL (08755), ESPA\u00d1A. Con el fin de que podamos resolver su solicitud de manera eficiente, le rogamos que concrete el objeto de su solicitud, as\u00ed como que se identifique correctamente.<\/span><\/p><p><span style=\"font-weight: 400;\">Por \u00faltimo, le informamos que puede dirigirse a la Agencia Espa\u00f1ola de Protecci\u00f3n de Datos (<\/span><a href=\"https:\/\/www.aepd.es\/\"><span style=\"font-weight: 400;\">Agencia Espa\u00f1ola de Protecci\u00f3n de Datos | AEPD<\/span><\/a><span style=\"font-weight: 400;\"> ) y dem\u00e1s organismos p\u00fablicos competentes para cualquier reclamaci\u00f3n derivada del tratamiento de sus datos personales.<\/span><\/p><h3>\u00a0<\/h3><h3><strong>Copyright \u00a9 2018 CELSA &#8211; Todos los derechos reservados.<\/strong><\/h3><h4>\u00a0<\/h4>\t\t\t\t\t\t\t\t<\/div>\n\t\t\t\t<\/div>\n\t\t\t\t\t<\/div>\n\t\t<\/div>\n\t\t\t\t\t<\/div>\n\t\t<\/section>\n\t\t\t\t<\/div>\n\t\t","protected":false},"excerpt":{"rendered":"<p>Pol\u00edtica de privacidad 1. RESPONSABLE \u00bfQui\u00e9n es el Responsable del tratamiento de sus datos? Identidad: Barna Steel S.A., que forma parte del grupo corporativo que opera bajo la marca registrada CELSA (en adelante, la \u201cEMPRESA CELSA\u201d). NIF: A08685471 Direcci\u00f3n: Carrer de la Ferralla, 12; Pol\u00edgono Industrial San Vicente, 080755 Castellbisbal, Barcelona (Espa\u00f1a). Datos de contacto [&hellip;]<\/p>\n","protected":false},"author":1,"featured_media":0,"parent":0,"menu_order":0,"comment_status":"closed","ping_status":"closed","template":"","meta":{"_acf_changed":false,"footnotes":""},"class_list":["post-778","page","type-page","status-publish","hentry"],"acf":[],"yoast_head":"<!-- This site is optimized with the Yoast SEO plugin v27.1.1 - https:\/\/yoast.com\/product\/yoast-seo-wordpress\/ -->\n<title>Pol\u00edtica de privacidad - Twinghy<\/title>\n<meta name=\"robots\" content=\"index, follow, max-snippet:-1, max-image-preview:large, max-video-preview:-1\" \/>\n<link rel=\"canonical\" href=\"https:\/\/twinghy.eu\/es\/politica-de-privacidad\/\" \/>\n<meta property=\"og:locale\" content=\"es_ES\" \/>\n<meta property=\"og:type\" content=\"article\" \/>\n<meta property=\"og:title\" content=\"Pol\u00edtica de privacidad - Twinghy\" \/>\n<meta property=\"og:description\" content=\"Pol\u00edtica de privacidad 1. RESPONSABLE \u00bfQui\u00e9n es el Responsable del tratamiento de sus datos? Identidad: Barna Steel S.A., que forma parte del grupo corporativo que opera bajo la marca registrada CELSA (en adelante, la \u201cEMPRESA CELSA\u201d). NIF: A08685471 Direcci\u00f3n: Carrer de la Ferralla, 12; Pol\u00edgono Industrial San Vicente, 080755 Castellbisbal, Barcelona (Espa\u00f1a). Datos de contacto [&hellip;]\" \/>\n<meta property=\"og:url\" content=\"https:\/\/twinghy.eu\/es\/politica-de-privacidad\/\" \/>\n<meta property=\"og:site_name\" content=\"Twinghy\" \/>\n<meta property=\"article:modified_time\" content=\"2025-03-04T09:20:22+00:00\" \/>\n<meta name=\"twitter:card\" content=\"summary_large_image\" \/>\n<meta name=\"twitter:label1\" content=\"Tiempo de lectura\" \/>\n\t<meta name=\"twitter:data1\" content=\"7 minutos\" \/>\n<script type=\"application\/ld+json\" class=\"yoast-schema-graph\">{\"@context\":\"https:\/\/schema.org\",\"@graph\":[{\"@type\":\"WebPage\",\"@id\":\"https:\/\/twinghy.eu\/es\/politica-de-privacidad\/\",\"url\":\"https:\/\/twinghy.eu\/es\/politica-de-privacidad\/\",\"name\":\"Pol\u00edtica de privacidad - Twinghy\",\"isPartOf\":{\"@id\":\"https:\/\/twinghy.eu\/#website\"},\"datePublished\":\"2025-03-04T08:30:05+00:00\",\"dateModified\":\"2025-03-04T09:20:22+00:00\",\"breadcrumb\":{\"@id\":\"https:\/\/twinghy.eu\/es\/politica-de-privacidad\/#breadcrumb\"},\"inLanguage\":\"es\",\"potentialAction\":[{\"@type\":\"ReadAction\",\"target\":[\"https:\/\/twinghy.eu\/es\/politica-de-privacidad\/\"]}]},{\"@type\":\"BreadcrumbList\",\"@id\":\"https:\/\/twinghy.eu\/es\/politica-de-privacidad\/#breadcrumb\",\"itemListElement\":[{\"@type\":\"ListItem\",\"position\":1,\"name\":\"Home\",\"item\":\"https:\/\/twinghy.eu\/es\/\"},{\"@type\":\"ListItem\",\"position\":2,\"name\":\"Pol\u00edtica de privacidad\"}]},{\"@type\":\"WebSite\",\"@id\":\"https:\/\/twinghy.eu\/#website\",\"url\":\"https:\/\/twinghy.eu\/\",\"name\":\"Twinghy\",\"description\":\"\",\"potentialAction\":[{\"@type\":\"SearchAction\",\"target\":{\"@type\":\"EntryPoint\",\"urlTemplate\":\"https:\/\/twinghy.eu\/?s={search_term_string}\"},\"query-input\":{\"@type\":\"PropertyValueSpecification\",\"valueRequired\":true,\"valueName\":\"search_term_string\"}}],\"inLanguage\":\"es\"}]}<\/script>\n<!-- \/ Yoast SEO plugin. -->","yoast_head_json":{"title":"Pol\u00edtica de privacidad - Twinghy","robots":{"index":"index","follow":"follow","max-snippet":"max-snippet:-1","max-image-preview":"max-image-preview:large","max-video-preview":"max-video-preview:-1"},"canonical":"https:\/\/twinghy.eu\/es\/politica-de-privacidad\/","og_locale":"es_ES","og_type":"article","og_title":"Pol\u00edtica de privacidad - Twinghy","og_description":"Pol\u00edtica de privacidad 1. RESPONSABLE \u00bfQui\u00e9n es el Responsable del tratamiento de sus datos? Identidad: Barna Steel S.A., que forma parte del grupo corporativo que opera bajo la marca registrada CELSA (en adelante, la \u201cEMPRESA CELSA\u201d). NIF: A08685471 Direcci\u00f3n: Carrer de la Ferralla, 12; Pol\u00edgono Industrial San Vicente, 080755 Castellbisbal, Barcelona (Espa\u00f1a). Datos de contacto [&hellip;]","og_url":"https:\/\/twinghy.eu\/es\/politica-de-privacidad\/","og_site_name":"Twinghy","article_modified_time":"2025-03-04T09:20:22+00:00","twitter_card":"summary_large_image","twitter_misc":{"Tiempo de lectura":"7 minutos"},"schema":{"@context":"https:\/\/schema.org","@graph":[{"@type":"WebPage","@id":"https:\/\/twinghy.eu\/es\/politica-de-privacidad\/","url":"https:\/\/twinghy.eu\/es\/politica-de-privacidad\/","name":"Pol\u00edtica de privacidad - Twinghy","isPartOf":{"@id":"https:\/\/twinghy.eu\/#website"},"datePublished":"2025-03-04T08:30:05+00:00","dateModified":"2025-03-04T09:20:22+00:00","breadcrumb":{"@id":"https:\/\/twinghy.eu\/es\/politica-de-privacidad\/#breadcrumb"},"inLanguage":"es","potentialAction":[{"@type":"ReadAction","target":["https:\/\/twinghy.eu\/es\/politica-de-privacidad\/"]}]},{"@type":"BreadcrumbList","@id":"https:\/\/twinghy.eu\/es\/politica-de-privacidad\/#breadcrumb","itemListElement":[{"@type":"ListItem","position":1,"name":"Home","item":"https:\/\/twinghy.eu\/es\/"},{"@type":"ListItem","position":2,"name":"Pol\u00edtica de privacidad"}]},{"@type":"WebSite","@id":"https:\/\/twinghy.eu\/#website","url":"https:\/\/twinghy.eu\/","name":"Twinghy","description":"","potentialAction":[{"@type":"SearchAction","target":{"@type":"EntryPoint","urlTemplate":"https:\/\/twinghy.eu\/?s={search_term_string}"},"query-input":{"@type":"PropertyValueSpecification","valueRequired":true,"valueName":"search_term_string"}}],"inLanguage":"es"}]}},"_links":{"self":[{"href":"https:\/\/twinghy.eu\/es\/wp-json\/wp\/v2\/pages\/778","targetHints":{"allow":["GET"]}}],"collection":[{"href":"https:\/\/twinghy.eu\/es\/wp-json\/wp\/v2\/pages"}],"about":[{"href":"https:\/\/twinghy.eu\/es\/wp-json\/wp\/v2\/types\/page"}],"author":[{"embeddable":true,"href":"https:\/\/twinghy.eu\/es\/wp-json\/wp\/v2\/users\/1"}],"replies":[{"embeddable":true,"href":"https:\/\/twinghy.eu\/es\/wp-json\/wp\/v2\/comments?post=778"}],"version-history":[{"count":12,"href":"https:\/\/twinghy.eu\/es\/wp-json\/wp\/v2\/pages\/778\/revisions"}],"predecessor-version":[{"id":809,"href":"https:\/\/twinghy.eu\/es\/wp-json\/wp\/v2\/pages\/778\/revisions\/809"}],"wp:attachment":[{"href":"https:\/\/twinghy.eu\/es\/wp-json\/wp\/v2\/media?parent=778"}],"curies":[{"name":"wp","href":"https:\/\/api.w.org\/{rel}","templated":true}]}}