{"id":409,"date":"2023-07-26T15:06:06","date_gmt":"2023-07-26T15:06:06","guid":{"rendered":"https:\/\/twinghy.eu\/cookies-policy\/"},"modified":"2025-03-04T09:27:49","modified_gmt":"2025-03-04T09:27:49","slug":"cookies-policy","status":"publish","type":"page","link":"https:\/\/twinghy.eu\/es\/cookies-policy\/","title":{"rendered":"Pol\u00edtica de Cookies"},"content":{"rendered":"\t\t<div data-elementor-type=\"wp-page\" data-elementor-id=\"409\" class=\"elementor elementor-409 elementor-239\">\n\t\t\t\t\t\t<section class=\"elementor-section elementor-top-section elementor-element elementor-element-cbe44e8 elementor-section-boxed elementor-section-height-default elementor-section-height-default\" data-id=\"cbe44e8\" data-element_type=\"section\" data-e-type=\"section\">\n\t\t\t\t\t\t<div class=\"elementor-container elementor-column-gap-default\">\n\t\t\t\t\t<div class=\"elementor-column elementor-col-100 elementor-top-column elementor-element elementor-element-8f9264b\" data-id=\"8f9264b\" data-element_type=\"column\" data-e-type=\"column\">\n\t\t\t<div class=\"elementor-widget-wrap elementor-element-populated\">\n\t\t\t\t\t\t<div class=\"elementor-element elementor-element-3968d8f elementor-widget elementor-widget-heading\" data-id=\"3968d8f\" data-element_type=\"widget\" data-e-type=\"widget\" data-widget_type=\"heading.default\">\n\t\t\t\t<div class=\"elementor-widget-container\">\n\t\t\t\t\t<h1 class=\"elementor-heading-title elementor-size-default\">Pol\u00edtica de Cookies<\/h1>\t\t\t\t<\/div>\n\t\t\t\t<\/div>\n\t\t\t\t<div class=\"elementor-element elementor-element-d46dd2c elementor-widget-divider--view-line elementor-widget elementor-widget-divider\" data-id=\"d46dd2c\" data-element_type=\"widget\" data-e-type=\"widget\" data-widget_type=\"divider.default\">\n\t\t\t\t<div class=\"elementor-widget-container\">\n\t\t\t\t\t\t\t<div class=\"elementor-divider\">\n\t\t\t<span class=\"elementor-divider-separator\">\n\t\t\t\t\t\t<\/span>\n\t\t<\/div>\n\t\t\t\t\t\t<\/div>\n\t\t\t\t<\/div>\n\t\t\t\t\t<\/div>\n\t\t<\/div>\n\t\t\t\t\t<\/div>\n\t\t<\/section>\n\t\t\t\t<section class=\"elementor-section elementor-top-section elementor-element elementor-element-aa083ab elementor-section-boxed elementor-section-height-default elementor-section-height-default\" data-id=\"aa083ab\" data-element_type=\"section\" data-e-type=\"section\">\n\t\t\t\t\t\t<div class=\"elementor-container elementor-column-gap-default\">\n\t\t\t\t\t<div class=\"elementor-column elementor-col-100 elementor-top-column elementor-element elementor-element-e455211\" data-id=\"e455211\" data-element_type=\"column\" data-e-type=\"column\">\n\t\t\t<div class=\"elementor-widget-wrap elementor-element-populated\">\n\t\t\t\t\t\t<div class=\"elementor-element elementor-element-273e165 elementor-widget elementor-widget-text-editor\" data-id=\"273e165\" data-element_type=\"widget\" data-e-type=\"widget\" data-widget_type=\"text-editor.default\">\n\t\t\t\t<div class=\"elementor-widget-container\">\n\t\t\t\t\t\t\t\t\t<p><span style=\"font-weight: 400;\">En cumplimiento del art\u00edculo 22.2 de la Ley 34\/2002, de Servicios de la Sociedad de la Informaci\u00f3n, esta Pol\u00edtica de Cookies tiene por finalidad informarle de manera clara y precisa sobre las cookies que se utilizan en\u00a0<\/span><a href=\"https:\/\/celsagroup.com\/\"><span style=\"font-weight: 400;\">www.celsagroup.com<\/span><\/a><span style=\"font-weight: 400;\">\u00a0y las finalidades de estas.<\/span><\/p><h2>\u00a0<\/h2><h2><b>1. \u00bfQu\u00e9 son las Cookies?<\/b><\/h2><p><span style=\"font-weight: 400;\">Las cookies son peque\u00f1os cantidades de informaci\u00f3n que se descargan en el dispositivo del usuario cuando visita nuestro sitio web, permitiendo mejorar su calidad y usabilidad (mediante identificadores que no permiten identificarlo como persona f\u00edsica alguna).\u00a0<\/span><\/p><p><span style=\"font-weight: 400;\">Las cookies son esenciales para el funcionamiento de internet. No pueden da\u00f1ar el equipo o dispositivo de los usuarios y si se encuentran activadas en la configuraci\u00f3n de su navegador, nos ayudan a identificar y resolver posibles errores de funcionamiento de nuestro sitio web.\u00a0<\/span><\/p><h2>\u00a0<\/h2><h2><b>2. Tipolog\u00eda de Cookies y finalidades de uso.<\/b><\/h2><p><span style=\"font-weight: 400;\">Al navegar por este sitio web se utilizan cookies propias y de terceros.\u00a0<\/span><\/p><ul><li style=\"font-weight: 400;\" aria-level=\"1\"><span style=\"font-weight: 400;\">Las cookies propias son aquellas que CELSA, en v\u00eda a su dispositivo<\/span><\/li><li style=\"font-weight: 400;\" aria-level=\"1\"><span style=\"font-weight: 400;\">Las cookies de terceros son aquellas su dispositivo por otras entidades, por ejemplo, las usadas por redes sociales o por complementos externos de contenido.\u00a0<\/span><\/li><\/ul><p><span style=\"font-weight: 400;\">Asu vez, las cookies pueden clasificarse en tipos seg\u00fan su funci\u00f3n, o su finalidad (categor\u00edas).<\/span><\/p><p><span style=\"font-weight: 400;\">Seg\u00fan la funci\u00f3n, existen diversos tipos de cookies, como, por ejemplo:<\/span><\/p><ul><li style=\"font-weight: 400;\" aria-level=\"1\"><span style=\"font-weight: 400;\">Las <\/span><span style=\"text-decoration: underline;\"><span style=\"font-weight: 400;\">Cookies de sesi\u00f3n<\/span><\/span><span style=\"font-weight: 400;\"> son cookies dise\u00f1adas para recabar y almacenar datos mientras el usuario accede a una p\u00e1gina web. Se suelen emplear para almacenar informaci\u00f3n que solo interesa conservar para la prestaci\u00f3n del servicio solicitado por el usuario en una sola ocasi\u00f3n.<\/span><\/li><li style=\"font-weight: 400;\" aria-level=\"1\"><span style=\"font-weight: 400;\">Las <\/span><span style=\"text-decoration: underline;\"><span style=\"font-weight: 400;\">Cookies persistentes o Permanentes<\/span><\/span><span style=\"font-weight: 400;\"> son un tipo de cookies en el que los datos siguen almacenados en el terminal y a los que se puede acceder y tratar durante un periodo definido por el responsable de la cookie, y que puede ir de unos minutos a varios a\u00f1os.<\/span><\/li><li style=\"font-weight: 400;\" aria-level=\"1\"><span style=\"font-weight: 400;\">Las <\/span><span style=\"font-weight: 400;\"><span style=\"text-decoration: underline;\">Cookies de Funcionalidad<\/span> <\/span><span style=\"font-weight: 400;\">son aquellas que permiten recordar decisiones adoptadas por el usuario, como su login o identificados. La informaci\u00f3n de estas cookies es an\u00f3nima (es decir, no contiene nombre, direcci\u00f3n u otros datos personales).<\/span><\/li><li style=\"font-weight: 400;\" aria-level=\"1\"><span style=\"font-weight: 400;\">Las <\/span><span style=\"text-decoration: underline;\"><span style=\"font-weight: 400;\">Cookies de An\u00e1lisis<\/span><\/span><span style=\"font-weight: 400;\"> son aquellas cookies tienen por finalidad el mantenimiento peri\u00f3dico y garantizar el mejor funcionamiento y servicio al usuario, recopilando datos de su actividad como usuario (tiempo de espera de conexi\u00f3n, identificador de sesi\u00f3n, etc.).<\/span><\/li><\/ul><p><span style=\"font-weight: 400;\">Asimismo, en funci\u00f3n de la finalidad para la cual se emplean, este sitio web utiliza las siguientes tipolog\u00edas de cookies:<\/span><\/p><ul><li style=\"font-weight: 400;\" aria-level=\"1\"><span style=\"font-weight: 400;\">Las <\/span><span style=\"text-decoration: underline;\"><span style=\"font-weight: 400;\">Cookies t\u00e9cnicas<\/span><\/span><span style=\"font-weight: 400;\"> son aqu\u00e9llas que permiten al usuario la navegaci\u00f3n a trav\u00e9s de una p\u00e1gina web, plataforma o aplicaci\u00f3n y la utilizaci\u00f3n de las diferentes opciones o servicios que en ella existan como, por ejemplo, controlar el tr\u00e1fico y la comunicaci\u00f3n de datos, identificar la sesi\u00f3n, acceder a partes de acceso restringido, y utilizar elementos de seguridad durante la navegaci\u00f3n.<\/span><\/li><li style=\"font-weight: 400;\" aria-level=\"1\"><span style=\"font-weight: 400;\">Las <\/span><span style=\"text-decoration: underline;\"><span style=\"font-weight: 400;\">Cookies de Estad\u00edsticas<\/span><\/span><span style=\"font-weight: 400;\"> son aquellas utilizadas para conocer como interact\u00faa, el usuario, con la p\u00e1gina web, reuniendo informaci\u00f3n an\u00f3nima durante el tiempo que navegue por ella. La finalidad de recabar esta informaci\u00f3n es la de introducir mejoras en la web en funci\u00f3n del an\u00e1lisis de los datos agregados.<\/span><\/li><li style=\"font-weight: 400;\" aria-level=\"1\"><span style=\"font-weight: 400;\">Las <\/span><span style=\"text-decoration: underline;\"><span style=\"font-weight: 400;\">Cookies de Marketing o Publicitarias<\/span><\/span><span style=\"font-weight: 400;\">, son aquellas utilizadas para analizar el comportamiento del usuario mientras visitas la p\u00e1gina web y poder ofrecerte publicidad personalizada y relevante atendiendo a tu perfil.<\/span><\/li><\/ul><p><span style=\"font-weight: 400;\">A continuaci\u00f3n, informamos detalladamente al usuario sobre las cookies propias y de terceros que pueden instalarse desde nuestro sitio web junto con una breve descripci\u00f3n, y plazo que permanecen en tu terminal, as\u00ed como una indicaci\u00f3n del responsable de la cookie cuando esta provenga de un tercero distinto a CELSA.\u00a0<\/span><\/p><p><span class=\"black\">Cookies propias<\/span><br \/>Son cookies creadas o gestionadas por el responsable del Sitio Web.<br \/>Nuestro Sitio Web emplea cookies propias persistentes con las siguientes finalidades:<\/p><p><span class=\"black\">Cookies de personalizaci\u00f3n<\/span><\/p><p>Son aqu\u00e9llas que permiten al usuario acceder al Sitio Web, con algunas caracter\u00edsticas de car\u00e1cter general predefinidas en funci\u00f3n de una serie de criterios en el terminal del usuario, como por ejemplo el idioma, el tipo de navegador a trav\u00e9s del cual accede, la configuraci\u00f3n regional desde donde accede al servicio, etc.<\/p><p>En funci\u00f3n de la navegaci\u00f3n del usuario pueden instalarse todas o solo algunas de las cookies.<\/p><h2>\u00a0<\/h2><h2><strong>3. Desactivaci\u00f3n o eliminaci\u00f3n de las Cookies.<\/strong><\/h2><p><span style=\"font-weight: 400;\">Al acceder al sitio web, se muestra un aviso de cookies en el que se informa del modo en que puede prestar o rechazar su consentimiento a instalar las cookies. El usuario en cualquier momento podr\u00e1 rechazar o configurar el uso de cookies a trav\u00e9s de la pantalla de configuraci\u00f3n.<\/span><\/p><p><span style=\"font-weight: 400;\">Asimismo, el usuario tiene la posibilidad de configurar su navegador para deshabilitar o eliminar, en cualquier momento, las cookies, o borrar tus datos de navegaci\u00f3n.\u00a0<\/span><\/p><p><span style=\"font-weight: 400;\">A continuaci\u00f3n, le facilitamos informaci\u00f3n sobre los principales navegadores, pero en caso de duda consulta el men\u00fa de ayuda de su navegador:<\/span><\/p><ul><li style=\"font-weight: 400;\" aria-level=\"1\"><a href=\"https:\/\/support.google.com\/chrome\/answer\/95647?hl=es\"><span style=\"font-weight: 400;\">Configuraci\u00f3n de cookies para Google Chrome<\/span><\/a><\/li><li style=\"font-weight: 400;\" aria-level=\"1\"><a href=\"https:\/\/support.mozilla.org\/es\/kb\/cookies-informacion-que-los-sitios-web-guardan-en-?redirectlocale=en-US&amp;redirectslug=Cookies\"><span style=\"font-weight: 400;\">Configuraci\u00f3n de cookies para Mozilla Firefox<\/span><\/a><\/li><li style=\"font-weight: 400;\" aria-level=\"1\"><a href=\"https:\/\/support.microsoft.com\/es-es\/help\/278835\/how-to-delete-cookie-files-in-internet-explorer\"><span style=\"font-weight: 400;\">Configuraci\u00f3n de cookies para Internet Explorer<\/span><\/a><\/li><li style=\"font-weight: 400;\" aria-level=\"1\"><a href=\"https:\/\/support.apple.com\/es-es\/HT201265\"><span style=\"font-weight: 400;\">Configuraci\u00f3n de cookies para Safari<\/span><\/a><\/li><li style=\"font-weight: 400;\" aria-level=\"1\"><a href=\"https:\/\/support.microsoft.com\/es-es\/microsoft-edge\/eliminar-las-cookies-en-microsoft-edge-63947406-40ac-c3b8-57b9-2a946a29ae09#:~:text=%20Eliminar%20las%20cookies%20en%20Microsoft%20Edge%20,Cookies%20y%20otros%20datos%20del%20sitio.%20More%20\"><span style=\"font-weight: 400;\">Configuraci\u00f3n de cookies en Microsoft Edge<\/span><\/a><\/li><\/ul><p><span style=\"font-weight: 400;\">Le recordamos que puede utilizar el modo de navegaci\u00f3n privada en su navegador, evitando que queden guardados el historial de navegaci\u00f3n y las Cookies.\u00a0<\/span><\/p><p><span style=\"font-weight: 400;\">El sitio web tambi\u00e9n usa cookies en dispositivos m\u00f3viles. Puede modificar las opciones de privacidad de su dispositivo accediendo a los siguientes enlaces, donde se ofrecen instrucciones para gestionar tus preferencias<\/span><\/p><p><span style=\"text-decoration: underline;\"><span style=\"font-weight: 400;\">IOS | Windows Phone | Chrome Mobile | Opera Mobile<\/span><\/span><\/p><p><span style=\"font-weight: 400;\">Recuerde que si desactiva las cookies ciertas funciones pueden no estar disponibles.\u00a0<\/span><\/p><h2>\u00a0<\/h2><h2><b>4. Actualizaciones y cambios en la Pol\u00edtica de Cookies.<\/b><\/h2><p><span style=\"font-weight: 400;\">Celsa puede modificar esta Pol\u00edtica de Cookies con el fin de adecuarla posibles nuevos desarrollos de la web, as\u00ed como en funci\u00f3n de nuevas exigencias legislativas, reglamentarias, o con la finalidad de adaptar dicha pol\u00edtica a las instrucciones dictadas por la Autoridad de Protecci\u00f3n de Datos. Cuando se produzcan cambios significativos en esta Pol\u00edtica de Cookies se comunicar\u00e1 al usuario, o bien mediante un aviso informativo en el sitio web, o bien a trav\u00e9s de correo electr\u00f3nico para los usuarios registrados.<\/span><\/p><h2>\u00a0<\/h2><h2><b>5. Elaboraci\u00f3n de perfiles<\/b><\/h2><p><span style=\"font-weight: 400;\">Utilizamos cookies de terceros que permiten la elaboraci\u00f3n de perfiles para poder realizar publicidad personalizada basada en dicho perfil. Puedes informarte sobre este aspecto en las pol\u00edticas de los terceros (ver los enlaces facilitados en el apartado \u00abQu\u00e9 tipos de cookies utiliza esta web\u00bb).<\/span><\/p><h2>\u00a0<\/h2><h2><b>6. Transferencias a terceros pa\u00edses<\/b><\/h2><p><span style=\"font-weight: 400;\">Puedes informarte de las transferencias a terceros pa\u00edses que, en su caso, realizan los terceros identificados en esta pol\u00edtica de cookies en sus correspondientes pol\u00edticas (ver los enlaces facilitados en el apartado \u00abQu\u00e9 tipos de cookies utiliza esta web\u00bb).<\/span><\/p><h2>\u00a0<\/h2><h2><b>7. M\u00e1s informaci\u00f3n<\/b><\/h2><p><span style=\"font-weight: 400;\">Si desea obtener m\u00e1s informaci\u00f3n, por favor acceda a nuestra <\/span><span style=\"font-weight: 400;\">Pol\u00edtica de Privacidad<\/span><span style=\"font-weight: 400;\"> o p\u00f3ngase en contacto con nosotros a trav\u00e9s de los datos que figuran al inicio.<\/span><\/p><p><span style=\"font-weight: 400;\">Si desea m\u00e1s informaci\u00f3n sobre qu\u00e9 uso hacemos de las cookies, puede enviarnos un e-mail a\u00a0<\/span><a href=\"mailto:GDPR@gcelsa.com\"><span style=\"font-weight: 400;\">GDPR@gcelsa.com<\/span><\/a><span style=\"font-weight: 400;\">.<\/span><\/p><h4>\u00a0<\/h4><h4><strong>Copyright \u00a9 2018 CELSA &#8211; Todos los derechos reservados.<\/strong><\/h4>\t\t\t\t\t\t\t\t<\/div>\n\t\t\t\t<\/div>\n\t\t\t\t<div class=\"elementor-element elementor-element-39230e8 elementor-hidden-desktop elementor-hidden-tablet elementor-hidden-mobile elementor-widget elementor-widget-text-editor\" data-id=\"39230e8\" data-element_type=\"widget\" data-e-type=\"widget\" data-widget_type=\"text-editor.default\">\n\t\t\t\t<div class=\"elementor-widget-container\">\n\t\t\t\t\t\t\t\t\t<p>www.celsagroup.com utiliza archivos denominados \u201ccookies\u201d (en adelante, las Cookies\u201d).<br \/>La presente pol\u00edtica de cookies tiene por finalidad informarle de manera clara y precisa sobre las cookies que se utilizan en nuestro Sitio Web y las finalidades de las mismas.<\/p><p><span class=\"black\"><br \/>\u00bfQu\u00e9 son las cookies?<\/span><\/p><p>Las cookies son peque\u00f1os archivos de texto que los sitios web almacenan en su ordenador, m\u00f3vil o tablet con la finalidad de almacenar datos que podr\u00e1n ser actualizados y recuperados por la entidad responsable de su instalaci\u00f3n.<\/p><p>Se utilizan de forma generalizada para que los sitios web funcionen as\u00ed como para proporcionar informaci\u00f3n a los propietarios del sitio.<\/p><p><span class=\"black\"><br \/>Qu\u00e9 tipos de cookies utilizamos?<\/span><\/p><p>Al navegar por este Sitio Web se utilizan cookies de sesi\u00f3n y cookies persistentes que, a su vez, pueden ser cookies propias o de terceros.<\/p><p><span class=\"black\"><br \/>Cookies de sesi\u00f3n<\/span><br \/>Las cookies de sesi\u00f3n son cookies dise\u00f1adas para recabar y almacenar datos mientras el usuario accede al Sitio Web.<br \/>Se suelen emplear para almacenar informaci\u00f3n que solo interesa conservar para la prestaci\u00f3n del servicio solicitado por el usuario en una sola ocasi\u00f3n.<\/p><p><span class=\"black\"><br \/>Cookies propias<\/span><br \/>Son cookies creadas o gestionadas por el responsable del Sitio Web.<br \/>Nuestro Sitio Web emplea cookies propias persistentes con las siguientes finalidades:<\/p><p><span class=\"black\">Cookies de personalizaci\u00f3n<\/span><\/p><p>Son aqu\u00e9llas que permiten al usuario acceder al Sitio Web, con algunas caracter\u00edsticas de car\u00e1cter general predefinidas en funci\u00f3n de una serie de criterios en el terminal del usuario, como por ejemplo el idioma, el tipo de navegador a trav\u00e9s del cual accede, la configuraci\u00f3n regional desde donde accede al servicio, etc.<\/p><p>Carrer de la Ferralla, 12; Pol. Ind. San Vicente 08755 Castellbisbal (Barcelona)<\/p><p>Copyright \u00a9 2018 CELSA GROUP\u2122. Todos los Derechos Reservados<\/p>\t\t\t\t\t\t\t\t<\/div>\n\t\t\t\t<\/div>\n\t\t\t\t\t<\/div>\n\t\t<\/div>\n\t\t\t\t\t<\/div>\n\t\t<\/section>\n\t\t\t\t<\/div>\n\t\t","protected":false},"excerpt":{"rendered":"<p>Pol\u00edtica de Cookies En cumplimiento del art\u00edculo 22.2 de la Ley 34\/2002, de Servicios de la Sociedad de la Informaci\u00f3n, esta Pol\u00edtica de Cookies tiene por finalidad informarle de manera clara y precisa sobre las cookies que se utilizan en\u00a0www.celsagroup.com\u00a0y las finalidades de estas. \u00a0 1. \u00bfQu\u00e9 son las Cookies? Las cookies son peque\u00f1os cantidades [&hellip;]<\/p>\n","protected":false},"author":1,"featured_media":0,"parent":0,"menu_order":0,"comment_status":"closed","ping_status":"closed","template":"","meta":{"_acf_changed":false,"footnotes":""},"class_list":["post-409","page","type-page","status-publish","hentry"],"acf":[],"yoast_head":"<!-- This site is optimized with the Yoast SEO plugin v27.1.1 - https:\/\/yoast.com\/product\/yoast-seo-wordpress\/ -->\n<title>Pol\u00edtica de Cookies - Twinghy<\/title>\n<meta name=\"robots\" content=\"index, follow, max-snippet:-1, max-image-preview:large, max-video-preview:-1\" \/>\n<link rel=\"canonical\" href=\"https:\/\/twinghy.eu\/es\/cookies-policy\/\" \/>\n<meta property=\"og:locale\" content=\"es_ES\" \/>\n<meta property=\"og:type\" content=\"article\" \/>\n<meta property=\"og:title\" content=\"Pol\u00edtica de Cookies - Twinghy\" \/>\n<meta property=\"og:description\" content=\"Pol\u00edtica de Cookies En cumplimiento del art\u00edculo 22.2 de la Ley 34\/2002, de Servicios de la Sociedad de la Informaci\u00f3n, esta Pol\u00edtica de Cookies tiene por finalidad informarle de manera clara y precisa sobre las cookies que se utilizan en\u00a0www.celsagroup.com\u00a0y las finalidades de estas. \u00a0 1. \u00bfQu\u00e9 son las Cookies? Las cookies son peque\u00f1os cantidades [&hellip;]\" \/>\n<meta property=\"og:url\" content=\"https:\/\/twinghy.eu\/es\/cookies-policy\/\" \/>\n<meta property=\"og:site_name\" content=\"Twinghy\" \/>\n<meta property=\"article:modified_time\" content=\"2025-03-04T09:27:49+00:00\" \/>\n<meta name=\"twitter:card\" content=\"summary_large_image\" \/>\n<meta name=\"twitter:label1\" content=\"Tiempo de lectura\" \/>\n\t<meta name=\"twitter:data1\" content=\"7 minutos\" \/>\n<script type=\"application\/ld+json\" class=\"yoast-schema-graph\">{\"@context\":\"https:\/\/schema.org\",\"@graph\":[{\"@type\":\"WebPage\",\"@id\":\"https:\/\/twinghy.eu\/es\/cookies-policy\/\",\"url\":\"https:\/\/twinghy.eu\/es\/cookies-policy\/\",\"name\":\"Pol\u00edtica de Cookies - Twinghy\",\"isPartOf\":{\"@id\":\"https:\/\/twinghy.eu\/#website\"},\"datePublished\":\"2023-07-26T15:06:06+00:00\",\"dateModified\":\"2025-03-04T09:27:49+00:00\",\"breadcrumb\":{\"@id\":\"https:\/\/twinghy.eu\/es\/cookies-policy\/#breadcrumb\"},\"inLanguage\":\"es\",\"potentialAction\":[{\"@type\":\"ReadAction\",\"target\":[\"https:\/\/twinghy.eu\/es\/cookies-policy\/\"]}]},{\"@type\":\"BreadcrumbList\",\"@id\":\"https:\/\/twinghy.eu\/es\/cookies-policy\/#breadcrumb\",\"itemListElement\":[{\"@type\":\"ListItem\",\"position\":1,\"name\":\"Home\",\"item\":\"https:\/\/twinghy.eu\/es\/\"},{\"@type\":\"ListItem\",\"position\":2,\"name\":\"Pol\u00edtica de Cookies\"}]},{\"@type\":\"WebSite\",\"@id\":\"https:\/\/twinghy.eu\/#website\",\"url\":\"https:\/\/twinghy.eu\/\",\"name\":\"Twinghy\",\"description\":\"\",\"potentialAction\":[{\"@type\":\"SearchAction\",\"target\":{\"@type\":\"EntryPoint\",\"urlTemplate\":\"https:\/\/twinghy.eu\/?s={search_term_string}\"},\"query-input\":{\"@type\":\"PropertyValueSpecification\",\"valueRequired\":true,\"valueName\":\"search_term_string\"}}],\"inLanguage\":\"es\"}]}<\/script>\n<!-- \/ Yoast SEO plugin. -->","yoast_head_json":{"title":"Pol\u00edtica de Cookies - Twinghy","robots":{"index":"index","follow":"follow","max-snippet":"max-snippet:-1","max-image-preview":"max-image-preview:large","max-video-preview":"max-video-preview:-1"},"canonical":"https:\/\/twinghy.eu\/es\/cookies-policy\/","og_locale":"es_ES","og_type":"article","og_title":"Pol\u00edtica de Cookies - Twinghy","og_description":"Pol\u00edtica de Cookies En cumplimiento del art\u00edculo 22.2 de la Ley 34\/2002, de Servicios de la Sociedad de la Informaci\u00f3n, esta Pol\u00edtica de Cookies tiene por finalidad informarle de manera clara y precisa sobre las cookies que se utilizan en\u00a0www.celsagroup.com\u00a0y las finalidades de estas. \u00a0 1. \u00bfQu\u00e9 son las Cookies? Las cookies son peque\u00f1os cantidades [&hellip;]","og_url":"https:\/\/twinghy.eu\/es\/cookies-policy\/","og_site_name":"Twinghy","article_modified_time":"2025-03-04T09:27:49+00:00","twitter_card":"summary_large_image","twitter_misc":{"Tiempo de lectura":"7 minutos"},"schema":{"@context":"https:\/\/schema.org","@graph":[{"@type":"WebPage","@id":"https:\/\/twinghy.eu\/es\/cookies-policy\/","url":"https:\/\/twinghy.eu\/es\/cookies-policy\/","name":"Pol\u00edtica de Cookies - Twinghy","isPartOf":{"@id":"https:\/\/twinghy.eu\/#website"},"datePublished":"2023-07-26T15:06:06+00:00","dateModified":"2025-03-04T09:27:49+00:00","breadcrumb":{"@id":"https:\/\/twinghy.eu\/es\/cookies-policy\/#breadcrumb"},"inLanguage":"es","potentialAction":[{"@type":"ReadAction","target":["https:\/\/twinghy.eu\/es\/cookies-policy\/"]}]},{"@type":"BreadcrumbList","@id":"https:\/\/twinghy.eu\/es\/cookies-policy\/#breadcrumb","itemListElement":[{"@type":"ListItem","position":1,"name":"Home","item":"https:\/\/twinghy.eu\/es\/"},{"@type":"ListItem","position":2,"name":"Pol\u00edtica de Cookies"}]},{"@type":"WebSite","@id":"https:\/\/twinghy.eu\/#website","url":"https:\/\/twinghy.eu\/","name":"Twinghy","description":"","potentialAction":[{"@type":"SearchAction","target":{"@type":"EntryPoint","urlTemplate":"https:\/\/twinghy.eu\/?s={search_term_string}"},"query-input":{"@type":"PropertyValueSpecification","valueRequired":true,"valueName":"search_term_string"}}],"inLanguage":"es"}]}},"_links":{"self":[{"href":"https:\/\/twinghy.eu\/es\/wp-json\/wp\/v2\/pages\/409","targetHints":{"allow":["GET"]}}],"collection":[{"href":"https:\/\/twinghy.eu\/es\/wp-json\/wp\/v2\/pages"}],"about":[{"href":"https:\/\/twinghy.eu\/es\/wp-json\/wp\/v2\/types\/page"}],"author":[{"embeddable":true,"href":"https:\/\/twinghy.eu\/es\/wp-json\/wp\/v2\/users\/1"}],"replies":[{"embeddable":true,"href":"https:\/\/twinghy.eu\/es\/wp-json\/wp\/v2\/comments?post=409"}],"version-history":[{"count":7,"href":"https:\/\/twinghy.eu\/es\/wp-json\/wp\/v2\/pages\/409\/revisions"}],"predecessor-version":[{"id":813,"href":"https:\/\/twinghy.eu\/es\/wp-json\/wp\/v2\/pages\/409\/revisions\/813"}],"wp:attachment":[{"href":"https:\/\/twinghy.eu\/es\/wp-json\/wp\/v2\/media?parent=409"}],"curies":[{"name":"wp","href":"https:\/\/api.w.org\/{rel}","templated":true}]}}